{"id":6,"date":"2026-05-05T21:00:22","date_gmt":"2026-05-05T19:00:22","guid":{"rendered":"https:\/\/hybriteam.com\/?page_id=6"},"modified":"2026-05-06T09:05:59","modified_gmt":"2026-05-06T07:05:59","slug":"6-2","status":"publish","type":"page","link":"https:\/\/hybriteam.com\/","title":{"rendered":"Forside"},"content":{"rendered":"\n<p><\/p>\n\n\n\n<div class=\"gb-element-b9aac767\">\n<div class=\"gb-element-d343c0fe\">\n<div class=\"gb-element-8b12b831\">\n<h2 class=\"wp-block-heading has-base-3-color has-text-color has-link-color wp-elements-bf6b404a7fe53692a036e804a02d230f\" style=\"font-size:60px;font-style:normal;font-weight:100\">Slut med Whiteboard-kaos p\u00e5 kontoret<\/h2>\n\n\n\n<h5 class=\"wp-block-heading has-contrast-3-color has-text-color has-link-color wp-elements-25667c2b7bc8c0d528efb4cc5d251aea\">Den nemmeste vej til hybrid planl\u00e6gning, tidsregistrering og medarbejderoverblik.<\/h5>\n\n\n\n<div class=\"wp-block-buttons is-content-justification-right is-layout-flex wp-container-core-buttons-is-layout-765c4724 wp-block-buttons-is-layout-flex\">\n<div class=\"wp-block-button is-style-fill\"><a class=\"wp-block-button__link has-background has-medium-font-size has-custom-font-size wp-element-button\" href=\"http:\/\/legacy.hybriteam.com\" style=\"background-color:#36b8f3;text-transform:none\">Pr\u00f8v Hybriteam Gratis<\/a><\/div>\n<\/div>\n<\/div>\n\n\n\n<div><div class=\"wp-block-image is-style-default\">\n<figure class=\"aligncenter\"><img loading=\"lazy\" decoding=\"async\" width=\"1024\" height=\"533\" src=\"https:\/\/hybriteam.com\/wp-content\/uploads\/2026\/05\/image-1024x533.png\" alt=\"\" class=\"wp-image-7\" srcset=\"https:\/\/hybriteam.com\/wp-content\/uploads\/2026\/05\/image-1024x533.png 1024w, https:\/\/hybriteam.com\/wp-content\/uploads\/2026\/05\/image-300x156.png 300w, https:\/\/hybriteam.com\/wp-content\/uploads\/2026\/05\/image-768x400.png 768w, https:\/\/hybriteam.com\/wp-content\/uploads\/2026\/05\/image-1536x799.png 1536w, https:\/\/hybriteam.com\/wp-content\/uploads\/2026\/05\/image-2048x1066.png 2048w\" sizes=\"auto, (max-width: 1024px) 100vw, 1024px\" \/><\/figure>\n<\/div><\/div>\n<\/div>\n\n\n\n<div><\/div>\n<\/div>\n\n\n\n<div class=\"gb-element-825374f3\">\n<div class=\"gb-element-187968be\">\n<div><div class=\"wp-block-image\">\n<figure class=\"aligncenter size-full is-resized\"><img loading=\"lazy\" decoding=\"async\" width=\"512\" height=\"512\" src=\"https:\/\/hybriteam.com\/wp-content\/uploads\/2026\/05\/mingcute-calendar-3-line.png\" alt=\"\" class=\"wp-image-39\" style=\"width:150px;height:auto\" srcset=\"https:\/\/hybriteam.com\/wp-content\/uploads\/2026\/05\/mingcute-calendar-3-line.png 512w, https:\/\/hybriteam.com\/wp-content\/uploads\/2026\/05\/mingcute-calendar-3-line-300x300.png 300w, https:\/\/hybriteam.com\/wp-content\/uploads\/2026\/05\/mingcute-calendar-3-line-150x150.png 150w\" sizes=\"auto, (max-width: 512px) 100vw, 512px\" \/><\/figure>\n<\/div>\n\n\n<h3 class=\"wp-block-heading has-text-align-center has-contrast-3-color has-text-color has-link-color has-medium-font-size wp-elements-63e7b469d35db7472e2e2d836421ed1d\" style=\"text-transform:uppercase\">Planl\u00e6gning<\/h3>\n\n\n\n<h6 class=\"wp-block-heading has-text-align-center has-base-3-color has-text-color has-link-color has-medium-font-size wp-elements-80416c0e7b0ff6e2c49b93aa8659aca7\">Hvem er p\u00e5 kontoret, og hvem arbejder hjemme?<\/h6>\n<\/div>\n\n\n\n<div><div class=\"wp-block-image\">\n<figure class=\"aligncenter size-full is-resized\"><img loading=\"lazy\" decoding=\"async\" width=\"512\" height=\"512\" src=\"https:\/\/hybriteam.com\/wp-content\/uploads\/2026\/05\/mingcute-stopwatch-2-line.png\" alt=\"\" class=\"wp-image-40\" style=\"width:150px\" srcset=\"https:\/\/hybriteam.com\/wp-content\/uploads\/2026\/05\/mingcute-stopwatch-2-line.png 512w, https:\/\/hybriteam.com\/wp-content\/uploads\/2026\/05\/mingcute-stopwatch-2-line-300x300.png 300w, https:\/\/hybriteam.com\/wp-content\/uploads\/2026\/05\/mingcute-stopwatch-2-line-150x150.png 150w\" sizes=\"auto, (max-width: 512px) 100vw, 512px\" \/><\/figure>\n<\/div>\n\n\n<h3 class=\"wp-block-heading has-text-align-center has-contrast-3-color has-text-color has-link-color has-medium-font-size wp-elements-4e16e64035859cb1b31dc44273f247b5\" style=\"text-transform:uppercase\">Tidsregistrering<\/h3>\n\n\n\n<h6 class=\"wp-block-heading has-text-align-center has-base-3-color has-text-color has-link-color has-medium-font-size wp-elements-c7e4b8f270a0de6ef87a47e00d8a8bda\">Overhold lovkravet med \u00e9t klik (vigtigt for trov\u00e6rdigheden).<\/h6>\n<\/div>\n\n\n\n<div><div class=\"wp-block-image\">\n<figure class=\"aligncenter size-full is-resized\"><img loading=\"lazy\" decoding=\"async\" width=\"512\" height=\"512\" src=\"https:\/\/hybriteam.com\/wp-content\/uploads\/2026\/05\/mingcute-user-star-line.png\" alt=\"\" class=\"wp-image-41\" style=\"width:150px\" srcset=\"https:\/\/hybriteam.com\/wp-content\/uploads\/2026\/05\/mingcute-user-star-line.png 512w, https:\/\/hybriteam.com\/wp-content\/uploads\/2026\/05\/mingcute-user-star-line-300x300.png 300w, https:\/\/hybriteam.com\/wp-content\/uploads\/2026\/05\/mingcute-user-star-line-150x150.png 150w\" sizes=\"auto, (max-width: 512px) 100vw, 512px\" \/><\/figure>\n<\/div>\n\n\n<h3 class=\"wp-block-heading has-text-align-center has-contrast-3-color has-text-color has-link-color has-medium-font-size wp-elements-14b502f181747dc8b50487bf5ab16100\" style=\"text-transform:uppercase\">HR-Light<\/h3>\n\n\n\n<h6 class=\"wp-block-heading has-text-align-center has-base-3-color has-text-color has-link-color has-medium-font-size wp-elements-75821da8029fa25ba9c5c8d347615d0e\">Politikker, ferie og onboarding samlet \u00e9t sted.<\/h6>\n<\/div>\n<\/div>\n<\/div>\n\n\n\n<div class=\"gb-element-5746995e\">\n<div class=\"gb-element-47afec27\">\n<h2 class=\"wp-block-heading has-base-3-color has-text-color has-link-color wp-elements-60656a2a6545dc74f17d1fa227b347de\">Hybriteam Insights<\/h2>\n\n\n\n<div>\n<div class=\"gb-query-96fe8123\"><div class=\"gb-looper-b60b17a3\">\n<div class=\"gb-loop-item gb-loop-item-9c73c9d9 post-1 post type-post status-publish format-standard hentry category-ikke-kategoriseret\">\n\n\n<h2 class=\"gb-text gb-text-63fc8fe2\"><a href=\"https:\/\/hybriteam.com\/index.php\/2026\/05\/05\/hej-verden\/\">Hej verden!<\/a><\/h2>\n\n\n\n<p class=\"gb-text gb-text-aa46981a\">5. maj 2026<\/p>\n\n\n\n<p class=\"gb-text gb-text-531bd84c\">Velkommen til WordPress. Dette er dit f\u00f8rste indl\u00e6g. Rediger eller slet det, og begynd herefter med at skrive!<\/p>\n<\/div>\n<\/div>\n\n\n<div class=\"gb-element-3247940f gb-query-loop-pagination\">\n\n\n\n<\/div>\n\n\n<\/div>\n<\/div>\n\n\n\n<p><\/p>\n<\/div>\n<\/div>\n","protected":false},"excerpt":{"rendered":"<p>Slut med Whiteboard-kaos p\u00e5 kontoret Den nemmeste vej til hybrid planl\u00e6gning, tidsregistrering og medarbejderoverblik. Planl\u00e6gning Hvem er p\u00e5 kontoret, og hvem arbejder hjemme? Tidsregistrering Overhold lovkravet med \u00e9t klik (vigtigt for trov\u00e6rdigheden). HR-Light Politikker, ferie og onboarding samlet \u00e9t sted. Hybriteam Insights<\/p>\n","protected":false},"author":1,"featured_media":0,"parent":0,"menu_order":0,"comment_status":"closed","ping_status":"closed","template":"","meta":{"footnotes":""},"class_list":["post-6","page","type-page","status-publish"],"_links":{"self":[{"href":"https:\/\/hybriteam.com\/index.php\/wp-json\/wp\/v2\/pages\/6","targetHints":{"allow":["GET"]}}],"collection":[{"href":"https:\/\/hybriteam.com\/index.php\/wp-json\/wp\/v2\/pages"}],"about":[{"href":"https:\/\/hybriteam.com\/index.php\/wp-json\/wp\/v2\/types\/page"}],"author":[{"embeddable":true,"href":"https:\/\/hybriteam.com\/index.php\/wp-json\/wp\/v2\/users\/1"}],"replies":[{"embeddable":true,"href":"https:\/\/hybriteam.com\/index.php\/wp-json\/wp\/v2\/comments?post=6"}],"version-history":[{"count":29,"href":"https:\/\/hybriteam.com\/index.php\/wp-json\/wp\/v2\/pages\/6\/revisions"}],"predecessor-version":[{"id":51,"href":"https:\/\/hybriteam.com\/index.php\/wp-json\/wp\/v2\/pages\/6\/revisions\/51"}],"wp:attachment":[{"href":"https:\/\/hybriteam.com\/index.php\/wp-json\/wp\/v2\/media?parent=6"}],"curies":[{"name":"wp","href":"https:\/\/api.w.org\/{rel}","templated":true}]}}